{"id":1713,"date":"2022-01-27T05:43:51","date_gmt":"2022-01-27T05:43:51","guid":{"rendered":"https:\/\/themeim.com\/wp\/panthar\/case-study-copy\/"},"modified":"2024-03-13T17:25:33","modified_gmt":"2024-03-13T17:25:33","slug":"o-nas","status":"publish","type":"page","link":"https:\/\/kobietadetektyw24.com\/?page_id=1713","title":{"rendered":"O nas"},"content":{"rendered":"\t\t<div data-elementor-type=\"wp-page\" data-elementor-id=\"1713\" class=\"elementor elementor-1713\" data-elementor-post-type=\"page\">\n\t\t\t\t\t\t<section class=\"elementor-section elementor-top-section elementor-element elementor-element-9ee32d5 elementor-section-boxed elementor-section-height-default elementor-section-height-default\" data-id=\"9ee32d5\" data-element_type=\"section\" data-settings=\"{&quot;background_background&quot;:&quot;classic&quot;}\">\n\t\t\t\t\t\t<div class=\"elementor-container elementor-column-gap-default\">\n\t\t\t\t\t<div class=\"elementor-column elementor-col-50 elementor-top-column elementor-element elementor-element-f591ae3\" data-id=\"f591ae3\" data-element_type=\"column\">\n\t\t\t<div class=\"elementor-widget-wrap elementor-element-populated\">\n\t\t\t\t\t\t<div class=\"elementor-element elementor-element-3a49931 top-image-bounce elementor-widget__width-auto elementor-absolute elementor-view-default elementor-widget elementor-widget-icon\" data-id=\"3a49931\" data-element_type=\"widget\" data-settings=\"{&quot;_position&quot;:&quot;absolute&quot;}\" data-widget_type=\"icon.default\">\n\t\t\t\t<div class=\"elementor-widget-container\">\n\t\t\t\t\t<div class=\"elementor-icon-wrapper\">\n\t\t\t<div class=\"elementor-icon\">\n\t\t\t<svg xmlns=\"http:\/\/www.w3.org\/2000\/svg\" width=\"43.888\" height=\"43.888\" viewBox=\"0 0 43.888 43.888\"><g data-name=\"Group 4112\" transform=\"translate(12737.236 -182.425)\" opacity=\"0.6\"><circle data-name=\"Ellipse 242\" cx=\"2.481\" cy=\"2.481\" r=\"2.481\" transform=\"translate(-12717.772 202.054)\" fill=\"#ba1111\"><\/circle><path data-name=\"Path 10606\" d=\"M3420.1,1564.089a7.7,7.7,0,1,1,7.7-7.7A7.705,7.705,0,0,1,3420.1,1564.089Zm0-15.108a7.412,7.412,0,1,0,7.412,7.411A7.42,7.42,0,0,0,3420.1,1548.981Z\" transform=\"translate(-16135.391 -1351.857)\" fill=\"#ba1111\"><\/path><path data-name=\"Path 10607\" d=\"M3433.511,1575.29A5.485,5.485,0,1,1,3439,1569.8,5.492,5.492,0,0,1,3433.511,1575.29Zm0-10.686a5.2,5.2,0,1,0,5.2,5.2A5.207,5.207,0,0,0,3433.511,1564.6Z\" transform=\"translate(-16148.803 -1365.269)\" fill=\"#ba1111\"><\/path><g data-name=\"Group 4049\" transform=\"translate(-12728.114 191.994)\"><g data-name=\"Group 4047\"><rect data-name=\"Rectangle 719\" width=\"0.285\" height=\"4.198\" transform=\"translate(4.167)\" fill=\"#484848\"><\/rect><rect data-name=\"Rectangle 720\" width=\"4.31\" height=\"0.285\" transform=\"translate(0 4.055)\" fill=\"#484848\"><\/rect><rect data-name=\"Rectangle 721\" width=\"4.31\" height=\"0.285\" transform=\"translate(21.283 4.055)\" fill=\"#484848\"><\/rect><rect data-name=\"Rectangle 722\" width=\"0.285\" height=\"4.198\" transform=\"translate(21.141)\" fill=\"#484848\"><\/rect><\/g><g data-name=\"Group 4048\" transform=\"translate(0 20.841)\"><rect data-name=\"Rectangle 723\" width=\"0.285\" height=\"4.198\" transform=\"translate(21.141 0.142)\" fill=\"#484848\"><\/rect><rect data-name=\"Rectangle 724\" width=\"4.31\" height=\"0.285\" transform=\"translate(21.283)\" fill=\"#484848\"><\/rect><rect data-name=\"Rectangle 725\" width=\"4.31\" height=\"0.285\" fill=\"#484848\"><\/rect><rect data-name=\"Rectangle 726\" width=\"0.285\" height=\"4.197\" transform=\"translate(4.167 0.142)\" fill=\"#484848\"><\/rect><\/g><\/g><g data-name=\"Group 4050\" transform=\"translate(-12737.236 203.764)\"><path data-name=\"Path 10608\" d=\"M3548.683,1598.838h-10.752a.605.605,0,0,1,0-1.211h10.752a.605.605,0,0,1,0,1.211Z\" transform=\"translate(-3505.4 -1597.627)\" fill=\"#484848\"><\/path><path data-name=\"Path 10609\" d=\"M3323.189,1598.838h-10.867a.605.605,0,0,1,0-1.211h10.867a.605.605,0,1,1,0,1.211Z\" transform=\"translate(-3311.717 -1597.627)\" fill=\"#484848\"><\/path><\/g><g data-name=\"Group 4051\" transform=\"translate(-12715.897 182.425)\"><path data-name=\"Path 10610\" d=\"M3463.116,1684.4a.605.605,0,0,1-.6-.605v-10.752a.6.6,0,1,1,1.21,0V1683.8A.605.605,0,0,1,3463.116,1684.4Z\" transform=\"translate(-3462.511 -1640.515)\" fill=\"#484848\"><\/path><path data-name=\"Path 10611\" d=\"M3463.116,1458.911a.605.605,0,0,1-.6-.606v-10.867a.6.6,0,1,1,1.21,0v10.867A.605.605,0,0,1,3463.116,1458.911Z\" transform=\"translate(-3462.511 -1446.833)\" fill=\"#484848\"><\/path><\/g><\/g><\/svg>\t\t\t<\/div>\n\t\t<\/div>\n\t\t\t\t<\/div>\n\t\t\t\t<\/div>\n\t\t\t\t<div class=\"elementor-element elementor-element-18b4bee elementor-widget elementor-widget-panthar-section-title-widget\" data-id=\"18b4bee\" data-element_type=\"widget\" data-widget_type=\"panthar-section-title-widget.default\">\n\t\t\t\t<div class=\"elementor-widget-container\">\n\t\t\t\r\n        <div class=\"theme-heading-title\" style=\"text-align:left\">\r\n                            <div class=\"subtitle shape\">\r\n                    <div class=\"icon-left wow fadeInRight animated yes\">\r\n                                            <\/div>\r\n                    O nas                    <div class=\"icon-right wow fadeInLeft animated\">\r\n                        <i aria-hidden=\"true\" class=\"icomoon icomoon-bullet\"><\/i>                    <\/div>\r\n                <\/div>\r\n                                        <h3 class=\"title\">\r\n                    Kobieta, s\u0142aba p\u0142e\u0107?                <\/h3>\r\n                                    <p><\/p>                    <\/div>\r\n        \t\t<\/div>\n\t\t\t\t<\/div>\n\t\t\t\t<div class=\"elementor-element elementor-element-244b1d9 elementor-widget elementor-widget-panthar-section-title-widget\" data-id=\"244b1d9\" data-element_type=\"widget\" data-widget_type=\"panthar-section-title-widget.default\">\n\t\t\t\t<div class=\"elementor-widget-container\">\n\t\t\t\r\n        <div class=\"theme-heading-title\" style=\"text-align:left\">\r\n                                                <p>M\u00f3wi si\u0119\u2026\u201d kobieto puchu marny\u201d\u2026 czy aby na pewno?\nCzy kobieta to dobry detektyw\u2026? Oczywi\u015bcie! Kobiecy spryt, intuicja, si\u00f3dmy zmys\u0142, stabilno\u015b\u0107 emocjonalna oraz determinacja to cechy, kt\u00f3rych brakuje m\u0119\u017cczy\u017anie. Jak dodamy jeszcze pomys\u0142owo\u015b\u0107, kreatywno\u015b\u0107 oraz wdzi\u0119k i do\u015bwiadczenie r\u00f3wna si\u0119 to nie tyle dobry detektyw co idealny detektyw. Tak w\u0142a\u015bnie jest w naszym zespole.\n<\/p>                    <\/div>\r\n        \t\t<\/div>\n\t\t\t\t<\/div>\n\t\t\t\t<div class=\"elementor-element elementor-element-f4b695a elementor-widget elementor-widget-text-editor\" data-id=\"f4b695a\" data-element_type=\"widget\" data-widget_type=\"text-editor.default\">\n\t\t\t\t<div class=\"elementor-widget-container\">\n\t\t\t<style>\/*! elementor - v3.19.0 - 07-02-2024 *\/\n.elementor-widget-text-editor.elementor-drop-cap-view-stacked .elementor-drop-cap{background-color:#69727d;color:#fff}.elementor-widget-text-editor.elementor-drop-cap-view-framed .elementor-drop-cap{color:#69727d;border:3px solid;background-color:transparent}.elementor-widget-text-editor:not(.elementor-drop-cap-view-default) .elementor-drop-cap{margin-top:8px}.elementor-widget-text-editor:not(.elementor-drop-cap-view-default) .elementor-drop-cap-letter{width:1em;height:1em}.elementor-widget-text-editor .elementor-drop-cap{float:left;text-align:center;line-height:1;font-size:50px}.elementor-widget-text-editor .elementor-drop-cap-letter{display:inline-block}<\/style>\t\t\t\t<p>Ka\u017cdy detektyw pracuj\u0105cy w naszym biurze posiada wieloletnie do\u015bwiadczenie, licencj\u0119 i zdolno\u015bci do rozwi\u0105zania ka\u017cdej najtrudniejszej sprawy. Detektyw musi s\u0142u\u017cy\u0107 wsparciem w wielu trudnych \u017cyciowo sytuacjach. Empatia, poufno\u015b\u0107, cierpliwo\u015b\u0107 i umiej\u0119tno\u015b\u0107 s\u0142uchania na co dzie\u0144 towarzyszy pracy detektywa.<\/p>\t\t\t\t\t\t<\/div>\n\t\t\t\t<\/div>\n\t\t\t\t\t<\/div>\n\t\t<\/div>\n\t\t\t\t<div class=\"elementor-column elementor-col-50 elementor-top-column elementor-element elementor-element-cfce866 elementor-hidden-tablet elementor-hidden-mobile\" data-id=\"cfce866\" data-element_type=\"column\" data-settings=\"{&quot;background_background&quot;:&quot;classic&quot;}\">\n\t\t\t<div class=\"elementor-widget-wrap elementor-element-populated\">\n\t\t\t\t\t<div class=\"elementor-background-overlay\"><\/div>\n\t\t\t\t\t\t<div class=\"elementor-element elementor-element-15e7a63 top-image-bounce elementor-widget__width-auto elementor-absolute elementor-view-default elementor-widget elementor-widget-icon\" data-id=\"15e7a63\" data-element_type=\"widget\" data-settings=\"{&quot;_position&quot;:&quot;absolute&quot;}\" data-widget_type=\"icon.default\">\n\t\t\t\t<div class=\"elementor-widget-container\">\n\t\t\t\t\t<div class=\"elementor-icon-wrapper\">\n\t\t\t<div class=\"elementor-icon\">\n\t\t\t<svg xmlns=\"http:\/\/www.w3.org\/2000\/svg\" width=\"43.888\" height=\"43.888\" viewBox=\"0 0 43.888 43.888\"><g data-name=\"Group 4112\" transform=\"translate(12737.236 -182.425)\" opacity=\"0.6\"><circle data-name=\"Ellipse 242\" cx=\"2.481\" cy=\"2.481\" r=\"2.481\" transform=\"translate(-12717.772 202.054)\" fill=\"#ba1111\"><\/circle><path data-name=\"Path 10606\" d=\"M3420.1,1564.089a7.7,7.7,0,1,1,7.7-7.7A7.705,7.705,0,0,1,3420.1,1564.089Zm0-15.108a7.412,7.412,0,1,0,7.412,7.411A7.42,7.42,0,0,0,3420.1,1548.981Z\" transform=\"translate(-16135.391 -1351.857)\" fill=\"#ba1111\"><\/path><path data-name=\"Path 10607\" d=\"M3433.511,1575.29A5.485,5.485,0,1,1,3439,1569.8,5.492,5.492,0,0,1,3433.511,1575.29Zm0-10.686a5.2,5.2,0,1,0,5.2,5.2A5.207,5.207,0,0,0,3433.511,1564.6Z\" transform=\"translate(-16148.803 -1365.269)\" fill=\"#ba1111\"><\/path><g data-name=\"Group 4049\" transform=\"translate(-12728.114 191.994)\"><g data-name=\"Group 4047\"><rect data-name=\"Rectangle 719\" width=\"0.285\" height=\"4.198\" transform=\"translate(4.167)\" fill=\"#484848\"><\/rect><rect data-name=\"Rectangle 720\" width=\"4.31\" height=\"0.285\" transform=\"translate(0 4.055)\" fill=\"#484848\"><\/rect><rect data-name=\"Rectangle 721\" width=\"4.31\" height=\"0.285\" transform=\"translate(21.283 4.055)\" fill=\"#484848\"><\/rect><rect data-name=\"Rectangle 722\" width=\"0.285\" height=\"4.198\" transform=\"translate(21.141)\" fill=\"#484848\"><\/rect><\/g><g data-name=\"Group 4048\" transform=\"translate(0 20.841)\"><rect data-name=\"Rectangle 723\" width=\"0.285\" height=\"4.198\" transform=\"translate(21.141 0.142)\" fill=\"#484848\"><\/rect><rect data-name=\"Rectangle 724\" width=\"4.31\" height=\"0.285\" transform=\"translate(21.283)\" fill=\"#484848\"><\/rect><rect data-name=\"Rectangle 725\" width=\"4.31\" height=\"0.285\" fill=\"#484848\"><\/rect><rect data-name=\"Rectangle 726\" width=\"0.285\" height=\"4.197\" transform=\"translate(4.167 0.142)\" fill=\"#484848\"><\/rect><\/g><\/g><g data-name=\"Group 4050\" transform=\"translate(-12737.236 203.764)\"><path data-name=\"Path 10608\" d=\"M3548.683,1598.838h-10.752a.605.605,0,0,1,0-1.211h10.752a.605.605,0,0,1,0,1.211Z\" transform=\"translate(-3505.4 -1597.627)\" fill=\"#484848\"><\/path><path data-name=\"Path 10609\" d=\"M3323.189,1598.838h-10.867a.605.605,0,0,1,0-1.211h10.867a.605.605,0,1,1,0,1.211Z\" transform=\"translate(-3311.717 -1597.627)\" fill=\"#484848\"><\/path><\/g><g data-name=\"Group 4051\" transform=\"translate(-12715.897 182.425)\"><path data-name=\"Path 10610\" d=\"M3463.116,1684.4a.605.605,0,0,1-.6-.605v-10.752a.6.6,0,1,1,1.21,0V1683.8A.605.605,0,0,1,3463.116,1684.4Z\" transform=\"translate(-3462.511 -1640.515)\" fill=\"#484848\"><\/path><path data-name=\"Path 10611\" d=\"M3463.116,1458.911a.605.605,0,0,1-.6-.606v-10.867a.6.6,0,1,1,1.21,0v10.867A.605.605,0,0,1,3463.116,1458.911Z\" transform=\"translate(-3462.511 -1446.833)\" fill=\"#484848\"><\/path><\/g><\/g><\/svg>\t\t\t<\/div>\n\t\t<\/div>\n\t\t\t\t<\/div>\n\t\t\t\t<\/div>\n\t\t\t\t<div class=\"elementor-element elementor-element-eb210cb elementor-position-left elementor-vertical-align-middle elementor-widget__width-initial elementor-absolute elementor-view-default elementor-mobile-position-top elementor-widget elementor-widget-icon-box\" data-id=\"eb210cb\" data-element_type=\"widget\" data-settings=\"{&quot;_position&quot;:&quot;absolute&quot;}\" data-widget_type=\"icon-box.default\">\n\t\t\t\t<div class=\"elementor-widget-container\">\n\t\t\t<link rel=\"stylesheet\" href=\"https:\/\/kobietadetektyw24.com\/wp-content\/plugins\/elementor\/assets\/css\/widget-icon-box.min.css\">\t\t<div class=\"elementor-icon-box-wrapper\">\n\t\t\t\t\t\t<div class=\"elementor-icon-box-icon\">\n\t\t\t\t<span  class=\"elementor-icon elementor-animation-\">\n\t\t\t\t<svg xmlns=\"http:\/\/www.w3.org\/2000\/svg\" width=\"62\" height=\"62\" viewBox=\"0 0 62 62\"><g data-name=\"Group 7139\" transform=\"translate(-1151 -1143)\"><g data-name=\"Group 4219\" transform=\"translate(167 -4618)\"><g data-name=\"Ellipse 256\" transform=\"translate(984 5761)\" fill=\"none\" stroke=\"#fff\" stroke-width=\"1\"><circle cx=\"31\" cy=\"31\" r=\"31\" stroke=\"none\"><\/circle><circle cx=\"31\" cy=\"31\" r=\"30.5\" fill=\"none\"><\/circle><\/g><circle data-name=\"Ellipse 257\" cx=\"24\" cy=\"24\" r=\"24\" transform=\"translate(991 5768)\" fill=\"#ba1111\"><\/circle><\/g><g data-name=\"Group 7101\" transform=\"translate(1166 1158)\"><path data-name=\"Path 12765\" d=\"M628.117,455.366a7.6,7.6,0,0,1,.325-.794,2.337,2.337,0,0,1,1.3-1.087,27.277,27.277,0,0,0,6.081-3.118c.07-.048.137-.1.181-.132a2.19,2.19,0,0,1-.679-1.84,6.794,6.794,0,0,1-.233-4.815,2.805,2.805,0,0,1-.121-1.816,3.8,3.8,0,0,1,.421-.963.667.667,0,0,0,.092-.59,3.139,3.139,0,0,1-.013-1.748,2.215,2.215,0,0,1,2-1.781c.043-.515.065-1.028.132-1.535a7.472,7.472,0,0,1,2.1-4.55.508.508,0,0,1,.6-.17.47.47,0,0,1,.127.8,7.309,7.309,0,0,0-1.973,5.343.485.485,0,0,0,.013.1c1.283,0,2.55.02,3.816-.007a1.559,1.559,0,0,1,1.685,1.006h1.085a1.558,1.558,0,0,1,1.684-1.005c.981.03,1.964.007,2.946.007h.885a8.171,8.171,0,0,0-1.1-4.369,5.134,5.134,0,0,0-3.725-2.411,7.17,7.17,0,0,0-3.628.308c-.05.018-.1.039-.15.055a.482.482,0,0,1-.633-.271.456.456,0,0,1,.3-.621,13.877,13.877,0,0,1,2.142-.488,7,7,0,0,1,4.661,1.023,6.639,6.639,0,0,1,2.863,4.51c.149.742.2,1.5.3,2.266a2.681,2.681,0,0,1,1.926,3.682,3.062,3.062,0,0,1-1.869,2.256.326.326,0,0,0-.141.243,8.014,8.014,0,0,1-1.236,3.68,1.4,1.4,0,0,0,.065,1.331,12.124,12.124,0,0,0,2.839,2.485c.89.587,1.826,1.105,2.741,1.653.064.038.134.067.2.1.356.191.468.448.318.721s-.421.327-.75.141c-.827-.467-1.648-.946-2.47-1.422-.108-.063-.211-.135-.386-.247.206.516.4.953.557,1.4.2.565.37,1.14.556,1.71a1,1,0,0,1-.179.972c-.594.744-1.169,1.509-1.82,2.2-1.277,1.356-2.6,2.668-3.9,4-.081.082-.171.156-.256.234h-.32c-.428-.312-.45-.567-.079-.938.847-.848,1.715-1.676,2.533-2.55.979-1.046,1.914-2.134,2.87-3.2a.72.72,0,0,0,.145-.822c-.436-1.093-.9-2.177-1.268-3.294a4.942,4.942,0,0,0-1.572-1.934c-.025.143-.044.246-.061.349-.1.6-.172,1.211-.3,1.806a27.382,27.382,0,0,1-3.713,8.733c-.4.64-.87,1.235-1.308,1.851h-.384a6.8,6.8,0,0,1-.5-.618c-.6-.941-1.213-1.87-1.755-2.841a25.349,25.349,0,0,1-2.909-7.792c-.088-.48-.149-.965-.226-1.477-.386.345-.744.663-1.1.985a.439.439,0,0,0-.108.156c-.539,1.341-1.07,2.685-1.617,4.022a.8.8,0,0,0,.154.911c.421.485.833.978,1.24,1.475a.472.472,0,0,1-.027.691.457.457,0,0,1-.662-.035q-.812-.972-1.586-1.976a.914.914,0,0,1-.143-.887q.47-1.349.945-2.7c.043-.121.092-.24.156-.4a1.5,1.5,0,0,0-.145.068,28.815,28.815,0,0,1-5.906,2.975,1.458,1.458,0,0,0-1.058,1.544c0,1.739-.006,3.479,0,5.218a.7.7,0,0,1-.325.679h-.641Zm14.328-14.031a4.007,4.007,0,0,1-3.994-.41c0,.453-.013.857,0,1.26a7.083,7.083,0,0,0,4.318,6.565,3.75,3.75,0,0,0,2.434.323,6.675,6.675,0,0,0,4.184-2.96,6.976,6.976,0,0,0,1.189-4.008c0-.38,0-.761,0-1.182a4.024,4.024,0,0,1-4,.415,2.124,2.124,0,0,1-2.055,2.019A2.152,2.152,0,0,1,642.445,441.335Zm2.092,8.832c-.293.377-.542.657-.747.967-.755,1.138-.788.717.017,1.854a.91.91,0,0,1,.164.8c-.254,1.128-.494,2.26-.7,3.4a2.215,2.215,0,0,0-.036,1.2,20.9,20.9,0,0,0,1.281,2.15c.394-.629.725-1.2,1.1-1.742a1.361,1.361,0,0,0,.216-1.094c-.252-1.3-.495-2.608-.767-3.907a.854.854,0,0,1,.165-.8,5.857,5.857,0,0,0,.511-.738.368.368,0,0,0,.036-.312C645.387,451.362,644.982,450.8,644.537,450.167Zm-8.5-8.608a1.89,1.89,0,0,0,.105,1.9c.314.445.206.75-.331.883a.6.6,0,0,0-.52.5.6.6,0,0,0,.37.648c.543.295.567.617.073.979-.306.224-.428.554-.223.8a1.061,1.061,0,0,0,.587.3c.473.088.647.429.382.835a1.128,1.128,0,0,0-.144.249.548.548,0,0,0,.184.663.5.5,0,0,0,.676.006c.5-.465,1-.935,1.468-1.432a1.329,1.329,0,0,0,.079-1.382,7.948,7.948,0,0,1-1.223-3.651c-.007-.085-.048-.223-.1-.24A2.817,2.817,0,0,1,636.04,441.559Zm3.8,6.429a21.552,21.552,0,0,0,2.455,8.726c.035-.046.056-.061.06-.079.21-.974.422-1.947.62-2.924a.507.507,0,0,0-.085-.315c-.189-.323-.4-.631-.59-.955a.731.731,0,0,1,.007-.768q.3-.511.627-1.008c.15-.228.32-.443.447-.617-.631-.288-1.267-.52-1.843-.856S640.429,448.409,639.845,447.988Zm5.753,2c.217.3.409.552.593.813.831,1.183.832,1.381-.025,2.542a.544.544,0,0,0-.1.5c.182.782.348,1.567.519,2.351.036.166.069.332.121.583a21.831,21.831,0,0,0,2.482-8.872A8.009,8.009,0,0,1,645.6,449.986Zm-4.822-12.355c-.437,0-.875.013-1.312,0-1.011-.035-1.033.12-1.011,1.066a1.769,1.769,0,0,0,.622,1.457,2.745,2.745,0,0,0,2.9.3,1.9,1.9,0,0,0,1.1-2.09c0-.054,0-.107,0-.161-.016-.4-.17-.566-.569-.57C641.928,437.628,641.352,437.632,640.776,437.632Zm7.491,0c-.565,0-1.131,0-1.7,0-.459,0-.607.155-.612.623,0,.225,0,.451.017.675a1.69,1.69,0,0,0,1.009,1.491,2.874,2.874,0,0,0,2.535.015,1.694,1.694,0,0,0,1.035-1.474c.021-.235.026-.471.023-.707,0-.464-.159-.621-.615-.624C649.4,437.629,648.832,437.632,648.266,437.632Zm-3.745.971c-.318,0-.49.125-.495.41a5.456,5.456,0,0,1-.561,2.418.339.339,0,0,0,.1.456c.762.655,1.129.642,1.871.031a.385.385,0,0,0,.111-.535,5.23,5.23,0,0,1-.539-2.325C645,438.736,644.849,438.606,644.521,438.6Zm7.041,3.019a4.166,4.166,0,0,0,.449-.4,2.855,2.855,0,0,0,.677-2.18,2.655,2.655,0,0,0-.379-.97.8.8,0,0,0-.747-.395Zm-14.074-3.937c-.852-.043-1.4,1.292-1.09,2.107.319-.115.641-.223.955-.349a.246.246,0,0,0,.129-.178C637.493,438.743,637.489,438.221,637.489,437.686Zm-.1,3.911.081-.059v-1.153l-.816.4Z\" transform=\"translate(-628.117 -428.819)\" fill=\"#f6f6f6\"><\/path><path data-name=\"Path 12766\" d=\"M972.338,718.247a.727.727,0,0,1-.339-.7c.011-1.792.006-3.585.005-5.377a1.55,1.55,0,0,0-1.131-1.652c-.415-.16-.831-.316-1.242-.486a.5.5,0,0,1-.34-.688.511.511,0,0,1,.7-.241c.5.19,1,.37,1.488.588A2.374,2.374,0,0,1,973,711.932c.03,1.9.005,3.807.014,5.711a.685.685,0,0,1-.338.6Z\" transform=\"translate(-940.019 -685.258)\" fill=\"#f6f6f6\"><\/path><path data-name=\"Path 12767\" d=\"M747.645,771.251c-1.05-1.04-2.1-2.076-3.147-3.122a.5.5,0,1,1,.7-.7q1.484,1.467,2.954,2.947c.3.3.229.584-.175.877Z\" transform=\"translate(-734.368 -738.262)\" fill=\"#f6f6f6\"><\/path><path data-name=\"Path 12768\" d=\"M784.921,609.012a6.656,6.656,0,0,1,3.006.618c.379.188.5.45.353.735s-.407.324-.8.159a6.38,6.38,0,0,0-5.113.01c-.388.164-.655.115-.8-.186-.131-.279-.011-.534.349-.713A6.648,6.648,0,0,1,784.921,609.012Z\" transform=\"translate(-768.434 -593.531)\" fill=\"#f6f6f6\"><\/path><\/g><\/g><\/svg>\t\t\t\t<\/span>\n\t\t\t<\/div>\n\t\t\t\t\t\t<div class=\"elementor-icon-box-content\">\n\t\t\t\t<h3 class=\"elementor-icon-box-title\">\n\t\t\t\t\t<span  >\n\t\t\t\t\t\t<span class=\"panthar-color-text\">10 Lat<\/span> do\u015bwiadczenia\t\t\t\t\t<\/span>\n\t\t\t\t<\/h3>\n\t\t\t\t\t\t\t<\/div>\n\t\t<\/div>\n\t\t\t\t<\/div>\n\t\t\t\t<\/div>\n\t\t\t\t<div class=\"elementor-element elementor-element-776c4a3 elementor-widget__width-auto elementor-absolute elementor-widget elementor-widget-image\" data-id=\"776c4a3\" data-element_type=\"widget\" data-settings=\"{&quot;_position&quot;:&quot;absolute&quot;}\" data-widget_type=\"image.default\">\n\t\t\t\t<div class=\"elementor-widget-container\">\n\t\t\t<style>\/*! elementor - v3.19.0 - 07-02-2024 *\/\n.elementor-widget-image{text-align:center}.elementor-widget-image a{display:inline-block}.elementor-widget-image a img[src$=\".svg\"]{width:48px}.elementor-widget-image img{vertical-align:middle;display:inline-block}<\/style>\t\t\t\t\t\t\t\t\t\t<img decoding=\"async\" width=\"30\" height=\"260\" src=\"https:\/\/kobietadetektyw24.com\/wp-content\/uploads\/2022\/01\/Group-7140-1.png\" class=\"attachment-large size-large wp-image-1757\" alt=\"\" \/>\t\t\t\t\t\t\t\t\t\t\t\t\t<\/div>\n\t\t\t\t<\/div>\n\t\t\t\t\t<\/div>\n\t\t<\/div>\n\t\t\t\t\t<\/div>\n\t\t<\/section>\n\t\t<div class=\"elementor-element elementor-element-feacf76 e-flex e-con-boxed e-con e-parent\" data-id=\"feacf76\" data-element_type=\"container\" data-settings=\"{&quot;content_width&quot;:&quot;boxed&quot;}\" data-core-v316-plus=\"true\">\n\t\t\t\t\t<div class=\"e-con-inner\">\n\t\t\t\t<div class=\"elementor-element elementor-element-98c87ed elementor-widget elementor-widget-text-editor\" data-id=\"98c87ed\" data-element_type=\"widget\" data-widget_type=\"text-editor.default\">\n\t\t\t\t<div class=\"elementor-widget-container\">\n\t\t\t\t\t\t\t<p>Zaw\u00f3d, kt\u00f3ry wykonujemy, zaw\u00f3d detektywa to nie tylko spos\u00f3b na zarabiane, to r\u00f3wnie\u017c a mo\u017ce<br \/>przede wszystkim pasja i ch\u0119\u0107 pomagania ludziom. W ka\u017cdej powierzonej sprawie zbieramy dowody-materia\u0142y tylko i wy\u0142\u0105cznie opieraj\u0105c si\u0119 na przepisach prawa. Na zako\u0144czenie wsp\u00f3\u0142pracy przekazujemy materia\u0142 filmowy wraz z pisemnym sprawozdaniem mog\u0105ce s\u0142u\u017cy\u0107 jako dow\u00f3d w ewentualnym post\u0119powaniu s\u0105dowym. Detektywi pracuj\u0105cy nad konkretnym zleceniem wyst\u0119puj\u0105 te\u017c przed organami wymiaru sprawiedliwo\u015bci w charakterze \u015bwiadk\u00f3w.<\/p><p>Ka\u017cdy detektyw w naszym Biurze Detektywistycznym \u201eVerte\u201d charakteryzuje si\u0119 solidno\u015bci\u0105, skuteczno\u015bci\u0105 i poufno\u015bci\u0105 oraz dyspozycyjno\u015bci\u0105 24h na dob\u0119, 7 dni w tygodniu.<\/p><p>Pe\u0142nimy swoje obowi\u0105zki na terenie woj. \u015al\u0105skiego jak i ca\u0142ej Polski , zar\u00f3wno dla instytucji publicznych, jak r\u00f3wnie\u017c dla firm i os\u00f3b prywatnych. Je\u017celi jest Ci potrzebny prywatny detektyw Katowice lub okolice, to warto si\u0119 do nas zg\u0142osi\u0107.<br \/>W zale\u017cno\u015bci od rodzaju sprawy dostosowujemy nasz\u0105 ofert\u0119 do potrzeb i zdolno\u015bci zleceniodawcy tak, by spe\u0142ni\u0107 postawione nam wymagania i dostarczy\u0107 Pa\u0144stwu spodziewane rozwi\u0105zania. Aby tak si\u0119 sta\u0142o, do prowadzenia sprawy potrzebny jest do\u015bwiadczony detektyw \u2013 Katowice ca\u0142e szcz\u0119\u015bcie takich ma, dlatego doskonale trafi\u0142e\u015b! Posiadasz problem, kt\u00f3rego nie potrafisz sam rozwi\u0105za\u0107? Masz pewne podejrzenia, ale ci\u0119\u017cko Ci je udowodni\u0107? Zg\u0142o\u015b si\u0119 do naszego biura detektywistycznego, a z pewno\u015bci\u0105 rozwi\u0105\u017cemy spraw\u0119 w trybie ekspresowym!\u00a0<\/p>\t\t\t\t\t\t<\/div>\n\t\t\t\t<\/div>\n\t\t\t\t\t<\/div>\n\t\t\t\t<\/div>\n\t\t\t\t<\/div>\n\t\t","protected":false},"excerpt":{"rendered":"<p>O nas Kobieta, s\u0142aba p\u0142e\u0107? M\u00f3wi si\u0119\u2026\u201d kobieto puchu marny\u201d\u2026 czy aby na pewno? Czy kobieta to dobry detektyw\u2026? Oczywi\u015bcie! Kobiecy spryt, intuicja, si\u00f3dmy zmys\u0142, stabilno\u015b\u0107 emocjonalna oraz determinacja to cechy, kt\u00f3rych brakuje m\u0119\u017cczy\u017anie. Jak dodamy jeszcze pomys\u0142owo\u015b\u0107, kreatywno\u015b\u0107 oraz wdzi\u0119k i do\u015bwiadczenie r\u00f3wna si\u0119 to nie tyle dobry detektyw co idealny detektyw. Tak w\u0142a\u015bnie<\/p>\n","protected":false},"author":1,"featured_media":0,"parent":0,"menu_order":0,"comment_status":"closed","ping_status":"closed","template":"","meta":{"_monsterinsights_skip_tracking":false,"_monsterinsights_sitenote_active":false,"_monsterinsights_sitenote_note":"","_monsterinsights_sitenote_category":0,"footnotes":""},"aioseo_notices":[],"_links":{"self":[{"href":"https:\/\/kobietadetektyw24.com\/index.php?rest_route=\/wp\/v2\/pages\/1713"}],"collection":[{"href":"https:\/\/kobietadetektyw24.com\/index.php?rest_route=\/wp\/v2\/pages"}],"about":[{"href":"https:\/\/kobietadetektyw24.com\/index.php?rest_route=\/wp\/v2\/types\/page"}],"author":[{"embeddable":true,"href":"https:\/\/kobietadetektyw24.com\/index.php?rest_route=\/wp\/v2\/users\/1"}],"replies":[{"embeddable":true,"href":"https:\/\/kobietadetektyw24.com\/index.php?rest_route=%2Fwp%2Fv2%2Fcomments&post=1713"}],"version-history":[{"count":10,"href":"https:\/\/kobietadetektyw24.com\/index.php?rest_route=\/wp\/v2\/pages\/1713\/revisions"}],"predecessor-version":[{"id":6433,"href":"https:\/\/kobietadetektyw24.com\/index.php?rest_route=\/wp\/v2\/pages\/1713\/revisions\/6433"}],"wp:attachment":[{"href":"https:\/\/kobietadetektyw24.com\/index.php?rest_route=%2Fwp%2Fv2%2Fmedia&parent=1713"}],"curies":[{"name":"wp","href":"https:\/\/api.w.org\/{rel}","templated":true}]}}