{"id":3286,"date":"2022-02-09T05:40:55","date_gmt":"2022-02-09T05:40:55","guid":{"rendered":"https:\/\/themeim.com\/wp\/panthar\/?page_id=3286"},"modified":"2024-04-25T15:00:37","modified_gmt":"2024-04-25T15:00:37","slug":"blog","status":"publish","type":"page","link":"https:\/\/kobietadetektyw24.com\/?page_id=3286","title":{"rendered":"Blog"},"content":{"rendered":"\t\t<div data-elementor-type=\"wp-page\" data-elementor-id=\"3286\" class=\"elementor elementor-3286\" data-elementor-post-type=\"page\">\n\t\t\t\t<div class=\"elementor-element elementor-element-d1f76e4 e-flex e-con-boxed e-con e-parent\" data-id=\"d1f76e4\" data-element_type=\"container\" data-settings=\"{&quot;content_width&quot;:&quot;boxed&quot;}\" data-core-v316-plus=\"true\">\n\t\t\t\t\t<div class=\"e-con-inner\">\n\t\t\t\t<div class=\"elementor-element elementor-element-7b0f7c5 elementor-widget elementor-widget-panthar-blog-grid-list-widget\" data-id=\"7b0f7c5\" data-element_type=\"widget\" data-widget_type=\"panthar-blog-grid-list-widget.default\">\n\t\t\t\t<div class=\"elementor-widget-container\">\n\t\t\t        <div class=\"blog-list-item-wrap\">\n            <div class=\"row\">\n                                    \n\n                                                <div class=\"col-lg-4 col-md-6\">\n                                <div class=\"single-blog-item-inner border-style-bottom\">\n                                    <div class=\"thumb\">\n                                        <img decoding=\"async\" src=\"https:\/\/kobietadetektyw24.com\/wp-content\/uploads\/2024\/04\/kevin-ku-w7ZyuGYNpRQ-unsplash-370x240.jpg\" alt=\"\">\n                                                                            <\/div>\n                                    <div class=\"details\">\n                                        <ul class=\"author-meta\">\n                                            <li class=\"author pl-0\">\n                                                <i class=\"icomoon icomoon-user\"><\/i>\n                                                <span class=\"byline\">  <a class=\"post-by url fn n\" href=\"https:\/\/kobietadetektyw24.com\/?author=1\"> By - admin<\/a><\/span>                                            <\/li>\n                                                                                    <\/ul>\n                                        <h4 class=\"title\"><a href=\"https:\/\/kobietadetektyw24.com\/?p=6447\">Ochrona prywatno\u015bci w cyfrowym \u015bwiecie: Jak detektywi zapewniaj\u0105 bezpiecze\u0144stwo danych osobowych?<\/a><\/h4>\n                                                                                    <div class=\"btn-wrap\">\n                                                <a href=\"https:\/\/kobietadetektyw24.com\/?p=6447\" class=\"read-btn\">Read More <span><\/span><\/a>\n                                            <\/div>\n                                                                            <\/div>\n                                <\/div>\n                            <\/div>\n                                                            \n\n                                                <div class=\"col-lg-4 col-md-6\">\n                                <div class=\"single-blog-item-inner border-style-bottom\">\n                                    <div class=\"thumb\">\n                                        <img decoding=\"async\" src=\"https:\/\/kobietadetektyw24.com\/wp-content\/uploads\/2022\/05\/security-guard-monitoring-modern-cctv-cameras-surveillance-room-370x240.webp\" alt=\"\">\n                                                                            <\/div>\n                                    <div class=\"details\">\n                                        <ul class=\"author-meta\">\n                                            <li class=\"author pl-0\">\n                                                <i class=\"icomoon icomoon-user\"><\/i>\n                                                <span class=\"byline\">  <a class=\"post-by url fn n\" href=\"https:\/\/kobietadetektyw24.com\/?author=1\"> By - admin<\/a><\/span>                                            <\/li>\n                                                                                    <\/ul>\n                                        <h4 class=\"title\"><a href=\"https:\/\/kobietadetektyw24.com\/?p=6455\">Zaginieni i ukrywaj\u0105cy si\u0119: Jak detektywi wykorzystuj\u0105 nowoczesne technologie i tradycyjne metody do odnajdywania os\u00f3b?<\/a><\/h4>\n                                                                                    <div class=\"btn-wrap\">\n                                                <a href=\"https:\/\/kobietadetektyw24.com\/?p=6455\" class=\"read-btn\">Read More <span><\/span><\/a>\n                                            <\/div>\n                                                                            <\/div>\n                                <\/div>\n                            <\/div>\n                                                            \n\n                                                <div class=\"col-lg-4 col-md-6\">\n                                <div class=\"single-blog-item-inner border-style-bottom\">\n                                    <div class=\"thumb\">\n                                        <img decoding=\"async\" src=\"https:\/\/kobietadetektyw24.com\/wp-content\/uploads\/2024\/04\/tamas-munkacsi-NiZeFz44FuQ-unsplash-370x240.jpg\" alt=\"\">\n                                                                            <\/div>\n                                    <div class=\"details\">\n                                        <ul class=\"author-meta\">\n                                            <li class=\"author pl-0\">\n                                                <i class=\"icomoon icomoon-user\"><\/i>\n                                                <span class=\"byline\">  <a class=\"post-by url fn n\" href=\"https:\/\/kobietadetektyw24.com\/?author=2\"> By - dawidjaloszynski<\/a><\/span>                                            <\/li>\n                                                                                    <\/ul>\n                                        <h4 class=\"title\"><a href=\"https:\/\/kobietadetektyw24.com\/?p=6457\">Wyb\u00f3r biura detektywistycznego: Co nale\u017cy wiedzie\u0107 przed podj\u0119ciem decyzji<\/a><\/h4>\n                                                                                    <div class=\"btn-wrap\">\n                                                <a href=\"https:\/\/kobietadetektyw24.com\/?p=6457\" class=\"read-btn\">Read More <span><\/span><\/a>\n                                            <\/div>\n                                                                            <\/div>\n                                <\/div>\n                            <\/div>\n                                                                            <div class=\"col-lg-12\">\n                        <div class=\"blog-pagination text-left margin-top-20\">\n                            \n                                                        <\/div>\n                    <\/div>\n                            <\/div>\n        <\/div>\n        \t\t<\/div>\n\t\t\t\t<\/div>\n\t\t\t\t\t<\/div>\n\t\t\t\t<\/div>\n\t\t\t\t<\/div>\n\t\t","protected":false},"excerpt":{"rendered":"<p>By &#8211; admin Ochrona prywatno\u015bci w cyfrowym \u015bwiecie: Jak detektywi zapewniaj\u0105 bezpiecze\u0144stwo danych osobowych? Read More<\/p>\n","protected":false},"author":1,"featured_media":0,"parent":0,"menu_order":0,"comment_status":"closed","ping_status":"closed","template":"","meta":{"_monsterinsights_skip_tracking":false,"_monsterinsights_sitenote_active":false,"_monsterinsights_sitenote_note":"","_monsterinsights_sitenote_category":0,"footnotes":""},"aioseo_notices":[],"_links":{"self":[{"href":"https:\/\/kobietadetektyw24.com\/index.php?rest_route=\/wp\/v2\/pages\/3286"}],"collection":[{"href":"https:\/\/kobietadetektyw24.com\/index.php?rest_route=\/wp\/v2\/pages"}],"about":[{"href":"https:\/\/kobietadetektyw24.com\/index.php?rest_route=\/wp\/v2\/types\/page"}],"author":[{"embeddable":true,"href":"https:\/\/kobietadetektyw24.com\/index.php?rest_route=\/wp\/v2\/users\/1"}],"replies":[{"embeddable":true,"href":"https:\/\/kobietadetektyw24.com\/index.php?rest_route=%2Fwp%2Fv2%2Fcomments&post=3286"}],"version-history":[{"count":3,"href":"https:\/\/kobietadetektyw24.com\/index.php?rest_route=\/wp\/v2\/pages\/3286\/revisions"}],"predecessor-version":[{"id":6453,"href":"https:\/\/kobietadetektyw24.com\/index.php?rest_route=\/wp\/v2\/pages\/3286\/revisions\/6453"}],"wp:attachment":[{"href":"https:\/\/kobietadetektyw24.com\/index.php?rest_route=%2Fwp%2Fv2%2Fmedia&parent=3286"}],"curies":[{"name":"wp","href":"https:\/\/api.w.org\/{rel}","templated":true}]}}